{"id":87,"date":"2019-01-23T13:25:49","date_gmt":"2019-01-23T13:25:49","guid":{"rendered":"http:\/\/mioidraulico.it\/shop\/prodotto\/money-plant\/"},"modified":"2024-06-17T20:42:00","modified_gmt":"2024-06-17T20:42:00","slug":"impianto-acqua-osmotica-amitaly-water","status":"publish","type":"product","link":"https:\/\/mioidraulico.it\/shop\/prodotto\/impianto-acqua-osmotica-amitaly-water\/","title":{"rendered":"Impianto acqua osmotica Amitaly Water"},"content":{"rendered":"<h2>Perch\u00e9 scegliere i nostri purificatori?<\/h2>\n<ul>\n<li>Risparmio<\/li>\n<li>Salute<\/li>\n<li>Sicurezza<\/li>\n<li>Salvaguardia dell\u2019ambiente<\/li>\n<\/ul>\n<p><strong>3 anni di studi<\/strong> per realizzare un prodotto <strong>completamente made in italy e qualitativamente superiore<\/strong>, con un servizio etico e <strong>senza sorprese per il cliente<\/strong>.<\/p>\n<p>Amitaly Water ti offre il massimo della qualit\u00e0 ad un prezzo veramente accessibile, zero sorprese e zero rinunce!<\/p>\n<h3>L\u2019acqua che beviamo \u00e8 essenziale per la nostra salute ma conosci la qualit\u00e0 dell\u2019acqua del tuo rubinetto?<\/h3>\n<p>Attraverso il nostro test gratuito potremo controllare se nell\u2019acqua che stai bevendo quotidianamente \u00e8 presente:<\/p>\n<ul>\n<li>Troppo Calcare<\/li>\n<li>Residuo fisso alto<\/li>\n<li>Elementi chimici e particelle sospese<\/li>\n<\/ul>\n<h3>Altri punti di forza<\/h3>\n<ol>\n<li>Montaggio e installazione non necessitano di lavori di muratura o modifiche strutturali<\/li>\n<li>Potrai dire addio alla fatica di trasportare casse di acqua in bottiglia e acquisterai pi\u00f9 spazio in casa, pi\u00f9 gusto e pi\u00f9 salute!<\/li>\n<li>Acqua liscia o frizzante? Sarai tu a deciderlo!<\/li>\n<li>Il residuo fisso? Non sar\u00e0 pi\u00f9 un problema perch\u00e9 sarai tu a decidere anche quello!<\/li>\n<\/ol>\n<p>Un\u2019acqua fresca, dolce e salutare adatta a tutta la famiglia!<\/p>\n<p><em>Fai una scelta serena, prova subito <strong>Amitaly Water<\/strong><br \/>\n<\/em><\/p>\n","protected":false},"excerpt":{"rendered":"<p><strong>3 anni di studi<\/strong> per realizzare un prodotto <strong>completamente made in italy e qualitativamente superiore<\/strong>, con un servizio etico e <strong>senza sorprese per il cliente<\/strong>.<\/p>\n<p>Amitaly Water ti offre il massimo della qualit\u00e0 ad un prezzo veramente accessibile, zero sorprese e zero rinunce!<\/p>\n<p>&nbsp;<\/p>\n","protected":false},"featured_media":1119,"comment_status":"open","ping_status":"closed","template":"","meta":{"site-sidebar-layout":"default","site-content-layout":"default","ast-site-content-layout":"default","site-content-style":"default","site-sidebar-style":"default","ast-global-header-display":"","ast-banner-title-visibility":"","ast-main-header-display":"","ast-hfb-above-header-display":"","ast-hfb-below-header-display":"","ast-hfb-mobile-header-display":"","site-post-title":"","ast-breadcrumbs-content":"","ast-featured-img":"","footer-sml-layout":"","theme-transparent-header-meta":"default","adv-header-id-meta":"","stick-header-meta":"","header-above-stick-meta":"","header-main-stick-meta":"","header-below-stick-meta":"","astra-migrate-meta-layouts":"default","ast-page-background-enabled":"default","ast-page-background-meta":{"desktop":{"background-color":"var(--ast-global-color-4)","background-image":"","background-repeat":"repeat","background-position":"center center","background-size":"auto","background-attachment":"scroll","background-type":"","background-media":"","overlay-type":"","overlay-color":"","overlay-opacity":"","overlay-gradient":""},"tablet":{"background-color":"","background-image":"","background-repeat":"repeat","background-position":"center center","background-size":"auto","background-attachment":"scroll","background-type":"","background-media":"","overlay-type":"","overlay-color":"","overlay-opacity":"","overlay-gradient":""},"mobile":{"background-color":"","background-image":"","background-repeat":"repeat","background-position":"center center","background-size":"auto","background-attachment":"scroll","background-type":"","background-media":"","overlay-type":"","overlay-color":"","overlay-opacity":"","overlay-gradient":""}},"ast-content-background-meta":{"desktop":{"background-color":"var(--ast-global-color-5)","background-image":"","background-repeat":"repeat","background-position":"center center","background-size":"auto","background-attachment":"scroll","background-type":"","background-media":"","overlay-type":"","overlay-color":"","overlay-opacity":"","overlay-gradient":""},"tablet":{"background-color":"var(--ast-global-color-5)","background-image":"","background-repeat":"repeat","background-position":"center center","background-size":"auto","background-attachment":"scroll","background-type":"","background-media":"","overlay-type":"","overlay-color":"","overlay-opacity":"","overlay-gradient":""},"mobile":{"background-color":"var(--ast-global-color-5)","background-image":"","background-repeat":"repeat","background-position":"center center","background-size":"auto","background-attachment":"scroll","background-type":"","background-media":"","overlay-type":"","overlay-color":"","overlay-opacity":"","overlay-gradient":""}}},"product_brand":[],"product_cat":[28],"product_tag":[],"class_list":{"0":"post-87","1":"product","2":"type-product","3":"status-publish","4":"has-post-thumbnail","6":"product_cat-impianti","7":"desktop-align-left","8":"tablet-align-left","9":"mobile-align-left","11":"first","12":"outofstock","13":"shipping-taxable","14":"purchasable","15":"product-type-simple"},"yoast_head":"<!-- This site is optimized with the Yoast SEO plugin v26.0 - https:\/\/yoast.com\/wordpress\/plugins\/seo\/ -->\n<title>Impianto acqua osmotica Amitaly Water | Mio Idraulico Shop<\/title>\n<meta name=\"robots\" content=\"index, follow, max-snippet:-1, max-image-preview:large, max-video-preview:-1\" \/>\n<link rel=\"canonical\" href=\"https:\/\/mioidraulico.it\/shop\/prodotto\/impianto-acqua-osmotica-amitaly-water\/\" \/>\n<meta property=\"og:locale\" content=\"it_IT\" \/>\n<meta property=\"og:type\" content=\"article\" \/>\n<meta property=\"og:title\" content=\"Impianto acqua osmotica Amitaly Water | Mio Idraulico Shop\" \/>\n<meta property=\"og:description\" content=\"3 anni di studi per realizzare un prodotto completamente made in italy e qualitativamente superiore, con un servizio etico e senza sorprese per il cliente.  Amitaly Water ti offre il massimo della qualit\u00e0 ad un prezzo veramente accessibile, zero sorprese e zero rinunce!  &nbsp;\" \/>\n<meta property=\"og:url\" content=\"https:\/\/mioidraulico.it\/shop\/prodotto\/impianto-acqua-osmotica-amitaly-water\/\" \/>\n<meta property=\"og:site_name\" content=\"Mio Idraulico Shop\" \/>\n<meta property=\"article:publisher\" content=\"https:\/\/www.facebook.com\/mioidraulico\" \/>\n<meta property=\"article:modified_time\" content=\"2024-06-17T20:42:00+00:00\" \/>\n<meta property=\"og:image\" content=\"https:\/\/mioidraulico.it\/shop\/wp-content\/uploads\/2019\/01\/impianto-amitaly-water.jpg\" \/>\n\t<meta property=\"og:image:width\" content=\"800\" \/>\n\t<meta property=\"og:image:height\" content=\"800\" \/>\n\t<meta property=\"og:image:type\" content=\"image\/jpeg\" \/>\n<meta name=\"twitter:card\" content=\"summary_large_image\" \/>\n<meta name=\"twitter:label1\" content=\"Tempo di lettura stimato\" \/>\n\t<meta name=\"twitter:data1\" content=\"1 minuto\" \/>\n<script type=\"application\/ld+json\" class=\"yoast-schema-graph\">{\"@context\":\"https:\/\/schema.org\",\"@graph\":[{\"@type\":\"WebPage\",\"@id\":\"https:\/\/mioidraulico.it\/shop\/prodotto\/impianto-acqua-osmotica-amitaly-water\/\",\"url\":\"https:\/\/mioidraulico.it\/shop\/prodotto\/impianto-acqua-osmotica-amitaly-water\/\",\"name\":\"Impianto acqua osmotica Amitaly Water | Mio Idraulico Shop\",\"isPartOf\":{\"@id\":\"https:\/\/mioidraulico.it\/shop\/#website\"},\"primaryImageOfPage\":{\"@id\":\"https:\/\/mioidraulico.it\/shop\/prodotto\/impianto-acqua-osmotica-amitaly-water\/#primaryimage\"},\"image\":{\"@id\":\"https:\/\/mioidraulico.it\/shop\/prodotto\/impianto-acqua-osmotica-amitaly-water\/#primaryimage\"},\"thumbnailUrl\":\"https:\/\/mioidraulico.it\/shop\/wp-content\/uploads\/2019\/01\/impianto-amitaly-water.jpg\",\"datePublished\":\"2019-01-23T13:25:49+00:00\",\"dateModified\":\"2024-06-17T20:42:00+00:00\",\"breadcrumb\":{\"@id\":\"https:\/\/mioidraulico.it\/shop\/prodotto\/impianto-acqua-osmotica-amitaly-water\/#breadcrumb\"},\"inLanguage\":\"it-IT\",\"potentialAction\":[{\"@type\":\"ReadAction\",\"target\":[\"https:\/\/mioidraulico.it\/shop\/prodotto\/impianto-acqua-osmotica-amitaly-water\/\"]}]},{\"@type\":\"ImageObject\",\"inLanguage\":\"it-IT\",\"@id\":\"https:\/\/mioidraulico.it\/shop\/prodotto\/impianto-acqua-osmotica-amitaly-water\/#primaryimage\",\"url\":\"https:\/\/mioidraulico.it\/shop\/wp-content\/uploads\/2019\/01\/impianto-amitaly-water.jpg\",\"contentUrl\":\"https:\/\/mioidraulico.it\/shop\/wp-content\/uploads\/2019\/01\/impianto-amitaly-water.jpg\",\"width\":800,\"height\":800,\"caption\":\"Impianto di Acqua Osmotica | Amitaly Water\"},{\"@type\":\"BreadcrumbList\",\"@id\":\"https:\/\/mioidraulico.it\/shop\/prodotto\/impianto-acqua-osmotica-amitaly-water\/#breadcrumb\",\"itemListElement\":[{\"@type\":\"ListItem\",\"position\":1,\"name\":\"Home\",\"item\":\"https:\/\/mioidraulico.it\/shop\/\"},{\"@type\":\"ListItem\",\"position\":2,\"name\":\"Negozio\",\"item\":\"https:\/\/mioidraulico.it\/shop\/negozio\/\"},{\"@type\":\"ListItem\",\"position\":3,\"name\":\"Impianto acqua osmotica Amitaly Water\"}]},{\"@type\":\"WebSite\",\"@id\":\"https:\/\/mioidraulico.it\/shop\/#website\",\"url\":\"https:\/\/mioidraulico.it\/shop\/\",\"name\":\"Mio Idraulico Shop\",\"description\":\"Il valore della trasparenza\",\"publisher\":{\"@id\":\"https:\/\/mioidraulico.it\/shop\/#organization\"},\"potentialAction\":[{\"@type\":\"SearchAction\",\"target\":{\"@type\":\"EntryPoint\",\"urlTemplate\":\"https:\/\/mioidraulico.it\/shop\/?s={search_term_string}\"},\"query-input\":{\"@type\":\"PropertyValueSpecification\",\"valueRequired\":true,\"valueName\":\"search_term_string\"}}],\"inLanguage\":\"it-IT\"},{\"@type\":\"Organization\",\"@id\":\"https:\/\/mioidraulico.it\/shop\/#organization\",\"name\":\"Mioidraulico.it\",\"url\":\"https:\/\/mioidraulico.it\/shop\/\",\"logo\":{\"@type\":\"ImageObject\",\"inLanguage\":\"it-IT\",\"@id\":\"https:\/\/mioidraulico.it\/shop\/#\/schema\/logo\/image\/\",\"url\":\"https:\/\/mioidraulico.it\/shop\/wp-content\/uploads\/2020\/10\/mioidraulico-logo-2.png\",\"contentUrl\":\"https:\/\/mioidraulico.it\/shop\/wp-content\/uploads\/2020\/10\/mioidraulico-logo-2.png\",\"width\":394,\"height\":47,\"caption\":\"Mioidraulico.it\"},\"image\":{\"@id\":\"https:\/\/mioidraulico.it\/shop\/#\/schema\/logo\/image\/\"},\"sameAs\":[\"https:\/\/www.facebook.com\/mioidraulico\",\"https:\/\/www.instagram.com\/mioidralulico\/\"]}]}<\/script>\n<!-- \/ Yoast SEO plugin. -->","yoast_head_json":{"title":"Impianto acqua osmotica Amitaly Water | Mio Idraulico Shop","robots":{"index":"index","follow":"follow","max-snippet":"max-snippet:-1","max-image-preview":"max-image-preview:large","max-video-preview":"max-video-preview:-1"},"canonical":"https:\/\/mioidraulico.it\/shop\/prodotto\/impianto-acqua-osmotica-amitaly-water\/","og_locale":"it_IT","og_type":"article","og_title":"Impianto acqua osmotica Amitaly Water | Mio Idraulico Shop","og_description":"3 anni di studi per realizzare un prodotto completamente made in italy e qualitativamente superiore, con un servizio etico e senza sorprese per il cliente.  Amitaly Water ti offre il massimo della qualit\u00e0 ad un prezzo veramente accessibile, zero sorprese e zero rinunce!  &nbsp;","og_url":"https:\/\/mioidraulico.it\/shop\/prodotto\/impianto-acqua-osmotica-amitaly-water\/","og_site_name":"Mio Idraulico Shop","article_publisher":"https:\/\/www.facebook.com\/mioidraulico","article_modified_time":"2024-06-17T20:42:00+00:00","og_image":[{"width":800,"height":800,"url":"https:\/\/mioidraulico.it\/shop\/wp-content\/uploads\/2019\/01\/impianto-amitaly-water.jpg","type":"image\/jpeg"}],"twitter_card":"summary_large_image","twitter_misc":{"Tempo di lettura stimato":"1 minuto"},"schema":{"@context":"https:\/\/schema.org","@graph":[{"@type":"WebPage","@id":"https:\/\/mioidraulico.it\/shop\/prodotto\/impianto-acqua-osmotica-amitaly-water\/","url":"https:\/\/mioidraulico.it\/shop\/prodotto\/impianto-acqua-osmotica-amitaly-water\/","name":"Impianto acqua osmotica Amitaly Water | Mio Idraulico Shop","isPartOf":{"@id":"https:\/\/mioidraulico.it\/shop\/#website"},"primaryImageOfPage":{"@id":"https:\/\/mioidraulico.it\/shop\/prodotto\/impianto-acqua-osmotica-amitaly-water\/#primaryimage"},"image":{"@id":"https:\/\/mioidraulico.it\/shop\/prodotto\/impianto-acqua-osmotica-amitaly-water\/#primaryimage"},"thumbnailUrl":"https:\/\/mioidraulico.it\/shop\/wp-content\/uploads\/2019\/01\/impianto-amitaly-water.jpg","datePublished":"2019-01-23T13:25:49+00:00","dateModified":"2024-06-17T20:42:00+00:00","breadcrumb":{"@id":"https:\/\/mioidraulico.it\/shop\/prodotto\/impianto-acqua-osmotica-amitaly-water\/#breadcrumb"},"inLanguage":"it-IT","potentialAction":[{"@type":"ReadAction","target":["https:\/\/mioidraulico.it\/shop\/prodotto\/impianto-acqua-osmotica-amitaly-water\/"]}]},{"@type":"ImageObject","inLanguage":"it-IT","@id":"https:\/\/mioidraulico.it\/shop\/prodotto\/impianto-acqua-osmotica-amitaly-water\/#primaryimage","url":"https:\/\/mioidraulico.it\/shop\/wp-content\/uploads\/2019\/01\/impianto-amitaly-water.jpg","contentUrl":"https:\/\/mioidraulico.it\/shop\/wp-content\/uploads\/2019\/01\/impianto-amitaly-water.jpg","width":800,"height":800,"caption":"Impianto di Acqua Osmotica | Amitaly Water"},{"@type":"BreadcrumbList","@id":"https:\/\/mioidraulico.it\/shop\/prodotto\/impianto-acqua-osmotica-amitaly-water\/#breadcrumb","itemListElement":[{"@type":"ListItem","position":1,"name":"Home","item":"https:\/\/mioidraulico.it\/shop\/"},{"@type":"ListItem","position":2,"name":"Negozio","item":"https:\/\/mioidraulico.it\/shop\/negozio\/"},{"@type":"ListItem","position":3,"name":"Impianto acqua osmotica Amitaly Water"}]},{"@type":"WebSite","@id":"https:\/\/mioidraulico.it\/shop\/#website","url":"https:\/\/mioidraulico.it\/shop\/","name":"Mio Idraulico Shop","description":"Il valore della trasparenza","publisher":{"@id":"https:\/\/mioidraulico.it\/shop\/#organization"},"potentialAction":[{"@type":"SearchAction","target":{"@type":"EntryPoint","urlTemplate":"https:\/\/mioidraulico.it\/shop\/?s={search_term_string}"},"query-input":{"@type":"PropertyValueSpecification","valueRequired":true,"valueName":"search_term_string"}}],"inLanguage":"it-IT"},{"@type":"Organization","@id":"https:\/\/mioidraulico.it\/shop\/#organization","name":"Mioidraulico.it","url":"https:\/\/mioidraulico.it\/shop\/","logo":{"@type":"ImageObject","inLanguage":"it-IT","@id":"https:\/\/mioidraulico.it\/shop\/#\/schema\/logo\/image\/","url":"https:\/\/mioidraulico.it\/shop\/wp-content\/uploads\/2020\/10\/mioidraulico-logo-2.png","contentUrl":"https:\/\/mioidraulico.it\/shop\/wp-content\/uploads\/2020\/10\/mioidraulico-logo-2.png","width":394,"height":47,"caption":"Mioidraulico.it"},"image":{"@id":"https:\/\/mioidraulico.it\/shop\/#\/schema\/logo\/image\/"},"sameAs":["https:\/\/www.facebook.com\/mioidraulico","https:\/\/www.instagram.com\/mioidralulico\/"]}]}},"_links":{"self":[{"href":"https:\/\/mioidraulico.it\/shop\/wp-json\/wp\/v2\/product\/87","targetHints":{"allow":["GET"]}}],"collection":[{"href":"https:\/\/mioidraulico.it\/shop\/wp-json\/wp\/v2\/product"}],"about":[{"href":"https:\/\/mioidraulico.it\/shop\/wp-json\/wp\/v2\/types\/product"}],"replies":[{"embeddable":true,"href":"https:\/\/mioidraulico.it\/shop\/wp-json\/wp\/v2\/comments?post=87"}],"wp:featuredmedia":[{"embeddable":true,"href":"https:\/\/mioidraulico.it\/shop\/wp-json\/wp\/v2\/media\/1119"}],"wp:attachment":[{"href":"https:\/\/mioidraulico.it\/shop\/wp-json\/wp\/v2\/media?parent=87"}],"wp:term":[{"taxonomy":"product_brand","embeddable":true,"href":"https:\/\/mioidraulico.it\/shop\/wp-json\/wp\/v2\/product_brand?post=87"},{"taxonomy":"product_cat","embeddable":true,"href":"https:\/\/mioidraulico.it\/shop\/wp-json\/wp\/v2\/product_cat?post=87"},{"taxonomy":"product_tag","embeddable":true,"href":"https:\/\/mioidraulico.it\/shop\/wp-json\/wp\/v2\/product_tag?post=87"}],"curies":[{"name":"wp","href":"https:\/\/api.w.org\/{rel}","templated":true}]}}