{"id":1125,"date":"2020-11-09T12:00:18","date_gmt":"2020-11-09T12:00:18","guid":{"rendered":"https:\/\/mioidraulico.it\/shop\/?post_type=product&#038;p=1125"},"modified":"2023-04-26T14:54:21","modified_gmt":"2023-04-26T14:54:21","slug":"gasatore-spirit-sodastream-bianco","status":"publish","type":"product","link":"https:\/\/mioidraulico.it\/shop\/prodotto\/gasatore-spirit-sodastream-bianco\/","title":{"rendered":"Gasatore SPIRIT SodaStream &#8211; Bianco"},"content":{"rendered":"<p>Spirit \u00e8 l\u2019ultimo innovativo modello lanciato da SodaStream. Il suo design moderno e le linee semplici e pulite lo rendono adatto ad\u00a0ogni cucina.<\/p>\n<p>Spirit \u00e8 il gasatore perfetto per chi ama la semplicit\u00e0 e la facilit\u00e0 d\u2019uso. Il sistema di aggancio della bottiglia al gasatore \u201cSnap Lock\u201d permette di fissare l\u2019elegante bottiglia\u00a0con una rapida spinta verso l\u2019alto, senza il bisogno di avvitarla.<\/p>\n<ul>\n<li>Livello di gasatura personalizzato<\/li>\n<li>Sistema Snap Lock**<\/li>\n<li>Linee semplici e pulite<\/li>\n<li>Design moderno<\/li>\n<\/ul>\n<p><strong>SPIRIT E&#8217; MIGLIORE DEL TEST ALTROCONSUMO LUGLIO\u00a02019\u00a0ED E&#8217; STATO ELETTO PRODOTTO DELL&#8217;ANNO 2018!<\/strong><\/p>\n<p>*Ricerca di mercato PdA\u00a9 su una pre-selezione di prodotti innovativi venduti in Italia, condotta da IRI su 12.000 consumatori con pi\u00f9 di 15 anni, svoltasi a gennaio 2018. www.prodottodellanno.it cat. gasatori<\/p>\n<p><strong>PRODOTTO<\/strong><\/p>\n<p>SodaStream SPIRIT ti permette di trasformare\u00a0l\u2019acqua di rubinetto in acqua frizzante grazie al cilindro di CO2 alimentare\u00a0in dotazione all\u2019interno del pack. In pochi e semplici passi la tua acqua frizzante sar\u00e0 pronta: riempi la bottiglia di acqua di rubinetto, aggancia la bottiglia al gasatore e premi il pulsante!<\/p>\n<p><strong>PREMI E RICONOSCIMENTI<\/strong><\/p>\n<p>SPIRIT \u00e8 Migliore del Test Altroconsumo Luglio\u00a02019\u00a0ed \u00e8 stato Eletto Prodotto dell&#8217;Anno 2018!<\/p>\n","protected":false},"excerpt":{"rendered":"<p>Spirit \u00e8 l\u2019ultimo innovativo modello lanciato da SodaStream. Il suo design moderno e le linee semplici e pulite lo rendono adatto ad\u00a0ogni cucina.<\/p>\n<p>Spirit \u00e8 il gasatore perfetto per chi ama la semplicit\u00e0 e la facilit\u00e0 d\u2019uso. Il sistema di aggancio della bottiglia al gasatore \u201cSnap Lock\u201d permette di fissare l\u2019elegante bottiglia\u00a0con una rapida spinta verso l\u2019alto, senza il bisogno di avvitarla.<\/p>\n<ul>\n<li>Livello di gasatura personalizzato<\/li>\n<li>Sistema Snap Lock**<\/li>\n<li>Linee semplici e pulite<\/li>\n<li>Design moderno<\/li>\n<\/ul>\n<p>&nbsp;<\/p>\n","protected":false},"featured_media":1263,"comment_status":"open","ping_status":"closed","template":"","meta":{"site-sidebar-layout":"default","site-content-layout":"default","ast-site-content-layout":"default","site-content-style":"default","site-sidebar-style":"default","ast-global-header-display":"","ast-banner-title-visibility":"","ast-main-header-display":"","ast-hfb-above-header-display":"","ast-hfb-below-header-display":"","ast-hfb-mobile-header-display":"","site-post-title":"","ast-breadcrumbs-content":"","ast-featured-img":"","footer-sml-layout":"","theme-transparent-header-meta":"default","adv-header-id-meta":"","stick-header-meta":"","header-above-stick-meta":"","header-main-stick-meta":"","header-below-stick-meta":"","astra-migrate-meta-layouts":"default","ast-page-background-enabled":"default","ast-page-background-meta":{"desktop":{"background-color":"var(--ast-global-color-4)","background-image":"","background-repeat":"repeat","background-position":"center center","background-size":"auto","background-attachment":"scroll","background-type":"","background-media":"","overlay-type":"","overlay-color":"","overlay-opacity":"","overlay-gradient":""},"tablet":{"background-color":"","background-image":"","background-repeat":"repeat","background-position":"center center","background-size":"auto","background-attachment":"scroll","background-type":"","background-media":"","overlay-type":"","overlay-color":"","overlay-opacity":"","overlay-gradient":""},"mobile":{"background-color":"","background-image":"","background-repeat":"repeat","background-position":"center center","background-size":"auto","background-attachment":"scroll","background-type":"","background-media":"","overlay-type":"","overlay-color":"","overlay-opacity":"","overlay-gradient":""}},"ast-content-background-meta":{"desktop":{"background-color":"var(--ast-global-color-5)","background-image":"","background-repeat":"repeat","background-position":"center center","background-size":"auto","background-attachment":"scroll","background-type":"","background-media":"","overlay-type":"","overlay-color":"","overlay-opacity":"","overlay-gradient":""},"tablet":{"background-color":"var(--ast-global-color-5)","background-image":"","background-repeat":"repeat","background-position":"center center","background-size":"auto","background-attachment":"scroll","background-type":"","background-media":"","overlay-type":"","overlay-color":"","overlay-opacity":"","overlay-gradient":""},"mobile":{"background-color":"var(--ast-global-color-5)","background-image":"","background-repeat":"repeat","background-position":"center center","background-size":"auto","background-attachment":"scroll","background-type":"","background-media":"","overlay-type":"","overlay-color":"","overlay-opacity":"","overlay-gradient":""}}},"product_brand":[],"product_cat":[15],"product_tag":[],"class_list":{"0":"post-1125","1":"product","2":"type-product","3":"status-publish","4":"has-post-thumbnail","6":"product_cat-accessori","7":"desktop-align-left","8":"tablet-align-left","9":"mobile-align-left","11":"first","12":"outofstock","13":"sale","14":"shipping-taxable","15":"purchasable","16":"product-type-simple"},"yoast_head":"<!-- This site is optimized with the Yoast SEO plugin v26.0 - https:\/\/yoast.com\/wordpress\/plugins\/seo\/ -->\n<title>Gasatore SPIRIT SodaStream - Bianco | Mio Idraulico Shop<\/title>\n<meta name=\"robots\" content=\"index, follow, max-snippet:-1, max-image-preview:large, max-video-preview:-1\" \/>\n<link rel=\"canonical\" href=\"https:\/\/mioidraulico.it\/shop\/prodotto\/gasatore-spirit-sodastream-bianco\/\" \/>\n<meta property=\"og:locale\" content=\"it_IT\" \/>\n<meta property=\"og:type\" content=\"article\" \/>\n<meta property=\"og:title\" content=\"Gasatore SPIRIT SodaStream - Bianco | Mio Idraulico Shop\" \/>\n<meta property=\"og:description\" content=\"Spirit \u00e8 l\u2019ultimo innovativo modello lanciato da SodaStream. Il suo design moderno e le linee semplici e pulite lo rendono adatto ad\u00a0ogni cucina.  Spirit \u00e8 il gasatore perfetto per chi ama la semplicit\u00e0 e la facilit\u00e0 d\u2019uso. Il sistema di aggancio della bottiglia al gasatore \u201cSnap Lock\u201d permette di fissare l\u2019elegante bottiglia\u00a0con una rapida spinta verso l\u2019alto, senza il bisogno di avvitarla.   Livello di gasatura personalizzato  Sistema Snap Lock**  Linee semplici e pulite  Design moderno  &nbsp;\" \/>\n<meta property=\"og:url\" content=\"https:\/\/mioidraulico.it\/shop\/prodotto\/gasatore-spirit-sodastream-bianco\/\" \/>\n<meta property=\"og:site_name\" content=\"Mio Idraulico Shop\" \/>\n<meta property=\"article:publisher\" content=\"https:\/\/www.facebook.com\/mioidraulico\" \/>\n<meta property=\"article:modified_time\" content=\"2023-04-26T14:54:21+00:00\" \/>\n<meta property=\"og:image\" content=\"https:\/\/mioidraulico.it\/shop\/wp-content\/uploads\/2020\/11\/sodastream-spirit2.jpg\" \/>\n\t<meta property=\"og:image:width\" content=\"800\" \/>\n\t<meta property=\"og:image:height\" content=\"800\" \/>\n\t<meta property=\"og:image:type\" content=\"image\/jpeg\" \/>\n<meta name=\"twitter:card\" content=\"summary_large_image\" \/>\n<meta name=\"twitter:label1\" content=\"Tempo di lettura stimato\" \/>\n\t<meta name=\"twitter:data1\" content=\"1 minuto\" \/>\n<script type=\"application\/ld+json\" class=\"yoast-schema-graph\">{\"@context\":\"https:\/\/schema.org\",\"@graph\":[{\"@type\":\"WebPage\",\"@id\":\"https:\/\/mioidraulico.it\/shop\/prodotto\/gasatore-spirit-sodastream-bianco\/\",\"url\":\"https:\/\/mioidraulico.it\/shop\/prodotto\/gasatore-spirit-sodastream-bianco\/\",\"name\":\"Gasatore SPIRIT SodaStream - Bianco | Mio Idraulico Shop\",\"isPartOf\":{\"@id\":\"https:\/\/mioidraulico.it\/shop\/#website\"},\"primaryImageOfPage\":{\"@id\":\"https:\/\/mioidraulico.it\/shop\/prodotto\/gasatore-spirit-sodastream-bianco\/#primaryimage\"},\"image\":{\"@id\":\"https:\/\/mioidraulico.it\/shop\/prodotto\/gasatore-spirit-sodastream-bianco\/#primaryimage\"},\"thumbnailUrl\":\"https:\/\/mioidraulico.it\/shop\/wp-content\/uploads\/2020\/11\/sodastream-spirit2.jpg\",\"datePublished\":\"2020-11-09T12:00:18+00:00\",\"dateModified\":\"2023-04-26T14:54:21+00:00\",\"breadcrumb\":{\"@id\":\"https:\/\/mioidraulico.it\/shop\/prodotto\/gasatore-spirit-sodastream-bianco\/#breadcrumb\"},\"inLanguage\":\"it-IT\",\"potentialAction\":[{\"@type\":\"ReadAction\",\"target\":[\"https:\/\/mioidraulico.it\/shop\/prodotto\/gasatore-spirit-sodastream-bianco\/\"]}]},{\"@type\":\"ImageObject\",\"inLanguage\":\"it-IT\",\"@id\":\"https:\/\/mioidraulico.it\/shop\/prodotto\/gasatore-spirit-sodastream-bianco\/#primaryimage\",\"url\":\"https:\/\/mioidraulico.it\/shop\/wp-content\/uploads\/2020\/11\/sodastream-spirit2.jpg\",\"contentUrl\":\"https:\/\/mioidraulico.it\/shop\/wp-content\/uploads\/2020\/11\/sodastream-spirit2.jpg\",\"width\":800,\"height\":800,\"caption\":\"SodaStream Gasatore SPIRIT | MioIdraulico\"},{\"@type\":\"BreadcrumbList\",\"@id\":\"https:\/\/mioidraulico.it\/shop\/prodotto\/gasatore-spirit-sodastream-bianco\/#breadcrumb\",\"itemListElement\":[{\"@type\":\"ListItem\",\"position\":1,\"name\":\"Home\",\"item\":\"https:\/\/mioidraulico.it\/shop\/\"},{\"@type\":\"ListItem\",\"position\":2,\"name\":\"Negozio\",\"item\":\"https:\/\/mioidraulico.it\/shop\/negozio\/\"},{\"@type\":\"ListItem\",\"position\":3,\"name\":\"Gasatore SPIRIT SodaStream &#8211; Bianco\"}]},{\"@type\":\"WebSite\",\"@id\":\"https:\/\/mioidraulico.it\/shop\/#website\",\"url\":\"https:\/\/mioidraulico.it\/shop\/\",\"name\":\"Mio Idraulico Shop\",\"description\":\"Il valore della trasparenza\",\"publisher\":{\"@id\":\"https:\/\/mioidraulico.it\/shop\/#organization\"},\"potentialAction\":[{\"@type\":\"SearchAction\",\"target\":{\"@type\":\"EntryPoint\",\"urlTemplate\":\"https:\/\/mioidraulico.it\/shop\/?s={search_term_string}\"},\"query-input\":{\"@type\":\"PropertyValueSpecification\",\"valueRequired\":true,\"valueName\":\"search_term_string\"}}],\"inLanguage\":\"it-IT\"},{\"@type\":\"Organization\",\"@id\":\"https:\/\/mioidraulico.it\/shop\/#organization\",\"name\":\"Mioidraulico.it\",\"url\":\"https:\/\/mioidraulico.it\/shop\/\",\"logo\":{\"@type\":\"ImageObject\",\"inLanguage\":\"it-IT\",\"@id\":\"https:\/\/mioidraulico.it\/shop\/#\/schema\/logo\/image\/\",\"url\":\"https:\/\/mioidraulico.it\/shop\/wp-content\/uploads\/2020\/10\/mioidraulico-logo-2.png\",\"contentUrl\":\"https:\/\/mioidraulico.it\/shop\/wp-content\/uploads\/2020\/10\/mioidraulico-logo-2.png\",\"width\":394,\"height\":47,\"caption\":\"Mioidraulico.it\"},\"image\":{\"@id\":\"https:\/\/mioidraulico.it\/shop\/#\/schema\/logo\/image\/\"},\"sameAs\":[\"https:\/\/www.facebook.com\/mioidraulico\",\"https:\/\/www.instagram.com\/mioidralulico\/\"]}]}<\/script>\n<!-- \/ Yoast SEO plugin. -->","yoast_head_json":{"title":"Gasatore SPIRIT SodaStream - Bianco | Mio Idraulico Shop","robots":{"index":"index","follow":"follow","max-snippet":"max-snippet:-1","max-image-preview":"max-image-preview:large","max-video-preview":"max-video-preview:-1"},"canonical":"https:\/\/mioidraulico.it\/shop\/prodotto\/gasatore-spirit-sodastream-bianco\/","og_locale":"it_IT","og_type":"article","og_title":"Gasatore SPIRIT SodaStream - Bianco | Mio Idraulico Shop","og_description":"Spirit \u00e8 l\u2019ultimo innovativo modello lanciato da SodaStream. Il suo design moderno e le linee semplici e pulite lo rendono adatto ad\u00a0ogni cucina.  Spirit \u00e8 il gasatore perfetto per chi ama la semplicit\u00e0 e la facilit\u00e0 d\u2019uso. Il sistema di aggancio della bottiglia al gasatore \u201cSnap Lock\u201d permette di fissare l\u2019elegante bottiglia\u00a0con una rapida spinta verso l\u2019alto, senza il bisogno di avvitarla.   Livello di gasatura personalizzato  Sistema Snap Lock**  Linee semplici e pulite  Design moderno  &nbsp;","og_url":"https:\/\/mioidraulico.it\/shop\/prodotto\/gasatore-spirit-sodastream-bianco\/","og_site_name":"Mio Idraulico Shop","article_publisher":"https:\/\/www.facebook.com\/mioidraulico","article_modified_time":"2023-04-26T14:54:21+00:00","og_image":[{"width":800,"height":800,"url":"https:\/\/mioidraulico.it\/shop\/wp-content\/uploads\/2020\/11\/sodastream-spirit2.jpg","type":"image\/jpeg"}],"twitter_card":"summary_large_image","twitter_misc":{"Tempo di lettura stimato":"1 minuto"},"schema":{"@context":"https:\/\/schema.org","@graph":[{"@type":"WebPage","@id":"https:\/\/mioidraulico.it\/shop\/prodotto\/gasatore-spirit-sodastream-bianco\/","url":"https:\/\/mioidraulico.it\/shop\/prodotto\/gasatore-spirit-sodastream-bianco\/","name":"Gasatore SPIRIT SodaStream - Bianco | Mio Idraulico Shop","isPartOf":{"@id":"https:\/\/mioidraulico.it\/shop\/#website"},"primaryImageOfPage":{"@id":"https:\/\/mioidraulico.it\/shop\/prodotto\/gasatore-spirit-sodastream-bianco\/#primaryimage"},"image":{"@id":"https:\/\/mioidraulico.it\/shop\/prodotto\/gasatore-spirit-sodastream-bianco\/#primaryimage"},"thumbnailUrl":"https:\/\/mioidraulico.it\/shop\/wp-content\/uploads\/2020\/11\/sodastream-spirit2.jpg","datePublished":"2020-11-09T12:00:18+00:00","dateModified":"2023-04-26T14:54:21+00:00","breadcrumb":{"@id":"https:\/\/mioidraulico.it\/shop\/prodotto\/gasatore-spirit-sodastream-bianco\/#breadcrumb"},"inLanguage":"it-IT","potentialAction":[{"@type":"ReadAction","target":["https:\/\/mioidraulico.it\/shop\/prodotto\/gasatore-spirit-sodastream-bianco\/"]}]},{"@type":"ImageObject","inLanguage":"it-IT","@id":"https:\/\/mioidraulico.it\/shop\/prodotto\/gasatore-spirit-sodastream-bianco\/#primaryimage","url":"https:\/\/mioidraulico.it\/shop\/wp-content\/uploads\/2020\/11\/sodastream-spirit2.jpg","contentUrl":"https:\/\/mioidraulico.it\/shop\/wp-content\/uploads\/2020\/11\/sodastream-spirit2.jpg","width":800,"height":800,"caption":"SodaStream Gasatore SPIRIT | MioIdraulico"},{"@type":"BreadcrumbList","@id":"https:\/\/mioidraulico.it\/shop\/prodotto\/gasatore-spirit-sodastream-bianco\/#breadcrumb","itemListElement":[{"@type":"ListItem","position":1,"name":"Home","item":"https:\/\/mioidraulico.it\/shop\/"},{"@type":"ListItem","position":2,"name":"Negozio","item":"https:\/\/mioidraulico.it\/shop\/negozio\/"},{"@type":"ListItem","position":3,"name":"Gasatore SPIRIT SodaStream &#8211; Bianco"}]},{"@type":"WebSite","@id":"https:\/\/mioidraulico.it\/shop\/#website","url":"https:\/\/mioidraulico.it\/shop\/","name":"Mio Idraulico Shop","description":"Il valore della trasparenza","publisher":{"@id":"https:\/\/mioidraulico.it\/shop\/#organization"},"potentialAction":[{"@type":"SearchAction","target":{"@type":"EntryPoint","urlTemplate":"https:\/\/mioidraulico.it\/shop\/?s={search_term_string}"},"query-input":{"@type":"PropertyValueSpecification","valueRequired":true,"valueName":"search_term_string"}}],"inLanguage":"it-IT"},{"@type":"Organization","@id":"https:\/\/mioidraulico.it\/shop\/#organization","name":"Mioidraulico.it","url":"https:\/\/mioidraulico.it\/shop\/","logo":{"@type":"ImageObject","inLanguage":"it-IT","@id":"https:\/\/mioidraulico.it\/shop\/#\/schema\/logo\/image\/","url":"https:\/\/mioidraulico.it\/shop\/wp-content\/uploads\/2020\/10\/mioidraulico-logo-2.png","contentUrl":"https:\/\/mioidraulico.it\/shop\/wp-content\/uploads\/2020\/10\/mioidraulico-logo-2.png","width":394,"height":47,"caption":"Mioidraulico.it"},"image":{"@id":"https:\/\/mioidraulico.it\/shop\/#\/schema\/logo\/image\/"},"sameAs":["https:\/\/www.facebook.com\/mioidraulico","https:\/\/www.instagram.com\/mioidralulico\/"]}]}},"_links":{"self":[{"href":"https:\/\/mioidraulico.it\/shop\/wp-json\/wp\/v2\/product\/1125","targetHints":{"allow":["GET"]}}],"collection":[{"href":"https:\/\/mioidraulico.it\/shop\/wp-json\/wp\/v2\/product"}],"about":[{"href":"https:\/\/mioidraulico.it\/shop\/wp-json\/wp\/v2\/types\/product"}],"replies":[{"embeddable":true,"href":"https:\/\/mioidraulico.it\/shop\/wp-json\/wp\/v2\/comments?post=1125"}],"wp:featuredmedia":[{"embeddable":true,"href":"https:\/\/mioidraulico.it\/shop\/wp-json\/wp\/v2\/media\/1263"}],"wp:attachment":[{"href":"https:\/\/mioidraulico.it\/shop\/wp-json\/wp\/v2\/media?parent=1125"}],"wp:term":[{"taxonomy":"product_brand","embeddable":true,"href":"https:\/\/mioidraulico.it\/shop\/wp-json\/wp\/v2\/product_brand?post=1125"},{"taxonomy":"product_cat","embeddable":true,"href":"https:\/\/mioidraulico.it\/shop\/wp-json\/wp\/v2\/product_cat?post=1125"},{"taxonomy":"product_tag","embeddable":true,"href":"https:\/\/mioidraulico.it\/shop\/wp-json\/wp\/v2\/product_tag?post=1125"}],"curies":[{"name":"wp","href":"https:\/\/api.w.org\/{rel}","templated":true}]}}