{"id":1224,"date":"2020-11-10T10:20:31","date_gmt":"2020-11-10T10:20:31","guid":{"rendered":"https:\/\/mioidraulico.it\/shop\/?page_id=1224"},"modified":"2020-11-10T10:24:48","modified_gmt":"2020-11-10T10:24:48","slug":"spedizioni-resi","status":"publish","type":"page","link":"https:\/\/mioidraulico.it\/shop\/spedizioni-resi\/","title":{"rendered":"Spedizioni e Resi"},"content":{"rendered":"\n<p class=\"has-medium-font-size\">SPEDIZIONI<\/p>\n\n\n\n<p>Gli ordini vengono confermati ed evasi entro 72h lavorative.<br>I tempi di consegna differiscono da prodotto a prodotto e sono indicativamente 24\/72h.<br>Una volta spedito l\u2019ordine, il cliente ricever\u00e0 il numero relativo al Tracking.<br>La spedizione diretta nelle Isole richieder\u00e0 tempi di consegna differenti.<\/p>\n\n\n\n<p class=\"has-medium-font-size\">RESI<\/p>\n\n\n\n<p>ll cliente pu\u00f2 effettuare il reso entro 15 giorni dal ricevimento dell&#8217;articolo acquistato.<br>Quanto detto precedentemente non \u00e8 valido per prodotti digitali.<br><br>Per fare richiesta di reso \u00e8 necessario inviare un\u2019email nell\u2019area contattaci specificando:<br>il numero dell\u2019ordine<br>il prodotto da rendere<br>la motivazione del reso<br><br>Per effettuare il reso devono essere rispettate le seguenti condizioni:<br><br>1. I prodotti devono essere restituiti comprensivi di tutti gli accessori originali (cartellino, sacchetto);<br>2. I prodotti non devono essere stati utilizzati;<br>3. I prodotti resi devono essere consegnati allo spedizioniere entro 15 giorni che decorrono dalla data in cui il Cliente ha ricevuto i prodotti.<br>Nel caso in cui vengano rispettate tutte le disposizioni provvederemo al rimborso della somma pagata dal cliente entro 5 giorni lavorativi dalla data in cui \u00e8 stato effettuato il reso comprensive le spese di spedizione in caso di articoli difettosi.<br>Effettuando ordini presso il nostro STORE accetti le clausole sovrastanti.<\/p>\n","protected":false},"excerpt":{"rendered":"<p>SPEDIZIONI Gli ordini vengono confermati ed evasi entro 72h lavorative.I tempi di consegna differiscono da prodotto a prodotto e sono indicativamente 24\/72h.Una volta spedito l\u2019ordine, il cliente ricever\u00e0 il numero relativo al Tracking.La spedizione diretta nelle Isole richieder\u00e0 tempi di consegna differenti. RESI ll cliente pu\u00f2 effettuare il reso entro 15 giorni dal ricevimento dell&#8217;articolo [&hellip;]<\/p>\n","protected":false},"author":3,"featured_media":0,"parent":0,"menu_order":0,"comment_status":"closed","ping_status":"closed","template":"","meta":{"site-sidebar-layout":"no-sidebar","site-content-layout":"content-boxed-container","ast-site-content-layout":"default","site-content-style":"default","site-sidebar-style":"default","ast-global-header-display":"","ast-banner-title-visibility":"","ast-main-header-display":"","ast-hfb-above-header-display":"","ast-hfb-below-header-display":"","ast-hfb-mobile-header-display":"","site-post-title":"disabled","ast-breadcrumbs-content":"","ast-featured-img":"disabled","footer-sml-layout":"","theme-transparent-header-meta":"default","adv-header-id-meta":"","stick-header-meta":"","header-above-stick-meta":"","header-main-stick-meta":"","header-below-stick-meta":"","astra-migrate-meta-layouts":"default","ast-page-background-enabled":"default","ast-page-background-meta":{"desktop":{"background-color":"var(--ast-global-color-4)","background-image":"","background-repeat":"repeat","background-position":"center center","background-size":"auto","background-attachment":"scroll","background-type":"","background-media":"","overlay-type":"","overlay-color":"","overlay-opacity":"","overlay-gradient":""},"tablet":{"background-color":"","background-image":"","background-repeat":"repeat","background-position":"center center","background-size":"auto","background-attachment":"scroll","background-type":"","background-media":"","overlay-type":"","overlay-color":"","overlay-opacity":"","overlay-gradient":""},"mobile":{"background-color":"","background-image":"","background-repeat":"repeat","background-position":"center center","background-size":"auto","background-attachment":"scroll","background-type":"","background-media":"","overlay-type":"","overlay-color":"","overlay-opacity":"","overlay-gradient":""}},"ast-content-background-meta":{"desktop":{"background-color":"var(--ast-global-color-5)","background-image":"","background-repeat":"repeat","background-position":"center center","background-size":"auto","background-attachment":"scroll","background-type":"","background-media":"","overlay-type":"","overlay-color":"","overlay-opacity":"","overlay-gradient":""},"tablet":{"background-color":"var(--ast-global-color-5)","background-image":"","background-repeat":"repeat","background-position":"center center","background-size":"auto","background-attachment":"scroll","background-type":"","background-media":"","overlay-type":"","overlay-color":"","overlay-opacity":"","overlay-gradient":""},"mobile":{"background-color":"var(--ast-global-color-5)","background-image":"","background-repeat":"repeat","background-position":"center center","background-size":"auto","background-attachment":"scroll","background-type":"","background-media":"","overlay-type":"","overlay-color":"","overlay-opacity":"","overlay-gradient":""}},"footnotes":""},"class_list":["post-1224","page","type-page","status-publish","hentry"],"yoast_head":"<!-- This site is optimized with the Yoast SEO plugin v26.0 - https:\/\/yoast.com\/wordpress\/plugins\/seo\/ -->\n<title>Spedizioni e Resi | Mio Idraulico Shop<\/title>\n<meta name=\"robots\" content=\"index, follow, max-snippet:-1, max-image-preview:large, max-video-preview:-1\" \/>\n<link rel=\"canonical\" href=\"https:\/\/mioidraulico.it\/shop\/spedizioni-resi\/\" \/>\n<meta property=\"og:locale\" content=\"it_IT\" \/>\n<meta property=\"og:type\" content=\"article\" \/>\n<meta property=\"og:title\" content=\"Spedizioni e Resi | Mio Idraulico Shop\" \/>\n<meta property=\"og:description\" content=\"SPEDIZIONI Gli ordini vengono confermati ed evasi entro 72h lavorative.I tempi di consegna differiscono da prodotto a prodotto e sono indicativamente 24\/72h.Una volta spedito l\u2019ordine, il cliente ricever\u00e0 il numero relativo al Tracking.La spedizione diretta nelle Isole richieder\u00e0 tempi di consegna differenti. RESI ll cliente pu\u00f2 effettuare il reso entro 15 giorni dal ricevimento dell&#8217;articolo [&hellip;]\" \/>\n<meta property=\"og:url\" content=\"https:\/\/mioidraulico.it\/shop\/spedizioni-resi\/\" \/>\n<meta property=\"og:site_name\" content=\"Mio Idraulico Shop\" \/>\n<meta property=\"article:publisher\" content=\"https:\/\/www.facebook.com\/mioidraulico\" \/>\n<meta property=\"article:modified_time\" content=\"2020-11-10T10:24:48+00:00\" \/>\n<meta name=\"twitter:card\" content=\"summary_large_image\" \/>\n<meta name=\"twitter:label1\" content=\"Tempo di lettura stimato\" \/>\n\t<meta name=\"twitter:data1\" content=\"1 minuto\" \/>\n<script type=\"application\/ld+json\" class=\"yoast-schema-graph\">{\"@context\":\"https:\/\/schema.org\",\"@graph\":[{\"@type\":\"WebPage\",\"@id\":\"https:\/\/mioidraulico.it\/shop\/spedizioni-resi\/\",\"url\":\"https:\/\/mioidraulico.it\/shop\/spedizioni-resi\/\",\"name\":\"Spedizioni e Resi | Mio Idraulico Shop\",\"isPartOf\":{\"@id\":\"https:\/\/mioidraulico.it\/shop\/#website\"},\"datePublished\":\"2020-11-10T10:20:31+00:00\",\"dateModified\":\"2020-11-10T10:24:48+00:00\",\"breadcrumb\":{\"@id\":\"https:\/\/mioidraulico.it\/shop\/spedizioni-resi\/#breadcrumb\"},\"inLanguage\":\"it-IT\",\"potentialAction\":[{\"@type\":\"ReadAction\",\"target\":[\"https:\/\/mioidraulico.it\/shop\/spedizioni-resi\/\"]}]},{\"@type\":\"BreadcrumbList\",\"@id\":\"https:\/\/mioidraulico.it\/shop\/spedizioni-resi\/#breadcrumb\",\"itemListElement\":[{\"@type\":\"ListItem\",\"position\":1,\"name\":\"Home\",\"item\":\"https:\/\/mioidraulico.it\/shop\/\"},{\"@type\":\"ListItem\",\"position\":2,\"name\":\"Spedizioni e Resi\"}]},{\"@type\":\"WebSite\",\"@id\":\"https:\/\/mioidraulico.it\/shop\/#website\",\"url\":\"https:\/\/mioidraulico.it\/shop\/\",\"name\":\"Mio Idraulico Shop\",\"description\":\"Il valore della trasparenza\",\"publisher\":{\"@id\":\"https:\/\/mioidraulico.it\/shop\/#organization\"},\"potentialAction\":[{\"@type\":\"SearchAction\",\"target\":{\"@type\":\"EntryPoint\",\"urlTemplate\":\"https:\/\/mioidraulico.it\/shop\/?s={search_term_string}\"},\"query-input\":{\"@type\":\"PropertyValueSpecification\",\"valueRequired\":true,\"valueName\":\"search_term_string\"}}],\"inLanguage\":\"it-IT\"},{\"@type\":\"Organization\",\"@id\":\"https:\/\/mioidraulico.it\/shop\/#organization\",\"name\":\"Mioidraulico.it\",\"url\":\"https:\/\/mioidraulico.it\/shop\/\",\"logo\":{\"@type\":\"ImageObject\",\"inLanguage\":\"it-IT\",\"@id\":\"https:\/\/mioidraulico.it\/shop\/#\/schema\/logo\/image\/\",\"url\":\"https:\/\/mioidraulico.it\/shop\/wp-content\/uploads\/2020\/10\/mioidraulico-logo-2.png\",\"contentUrl\":\"https:\/\/mioidraulico.it\/shop\/wp-content\/uploads\/2020\/10\/mioidraulico-logo-2.png\",\"width\":394,\"height\":47,\"caption\":\"Mioidraulico.it\"},\"image\":{\"@id\":\"https:\/\/mioidraulico.it\/shop\/#\/schema\/logo\/image\/\"},\"sameAs\":[\"https:\/\/www.facebook.com\/mioidraulico\",\"https:\/\/www.instagram.com\/mioidralulico\/\"]}]}<\/script>\n<!-- \/ Yoast SEO plugin. -->","yoast_head_json":{"title":"Spedizioni e Resi | Mio Idraulico Shop","robots":{"index":"index","follow":"follow","max-snippet":"max-snippet:-1","max-image-preview":"max-image-preview:large","max-video-preview":"max-video-preview:-1"},"canonical":"https:\/\/mioidraulico.it\/shop\/spedizioni-resi\/","og_locale":"it_IT","og_type":"article","og_title":"Spedizioni e Resi | Mio Idraulico Shop","og_description":"SPEDIZIONI Gli ordini vengono confermati ed evasi entro 72h lavorative.I tempi di consegna differiscono da prodotto a prodotto e sono indicativamente 24\/72h.Una volta spedito l\u2019ordine, il cliente ricever\u00e0 il numero relativo al Tracking.La spedizione diretta nelle Isole richieder\u00e0 tempi di consegna differenti. RESI ll cliente pu\u00f2 effettuare il reso entro 15 giorni dal ricevimento dell&#8217;articolo [&hellip;]","og_url":"https:\/\/mioidraulico.it\/shop\/spedizioni-resi\/","og_site_name":"Mio Idraulico Shop","article_publisher":"https:\/\/www.facebook.com\/mioidraulico","article_modified_time":"2020-11-10T10:24:48+00:00","twitter_card":"summary_large_image","twitter_misc":{"Tempo di lettura stimato":"1 minuto"},"schema":{"@context":"https:\/\/schema.org","@graph":[{"@type":"WebPage","@id":"https:\/\/mioidraulico.it\/shop\/spedizioni-resi\/","url":"https:\/\/mioidraulico.it\/shop\/spedizioni-resi\/","name":"Spedizioni e Resi | Mio Idraulico Shop","isPartOf":{"@id":"https:\/\/mioidraulico.it\/shop\/#website"},"datePublished":"2020-11-10T10:20:31+00:00","dateModified":"2020-11-10T10:24:48+00:00","breadcrumb":{"@id":"https:\/\/mioidraulico.it\/shop\/spedizioni-resi\/#breadcrumb"},"inLanguage":"it-IT","potentialAction":[{"@type":"ReadAction","target":["https:\/\/mioidraulico.it\/shop\/spedizioni-resi\/"]}]},{"@type":"BreadcrumbList","@id":"https:\/\/mioidraulico.it\/shop\/spedizioni-resi\/#breadcrumb","itemListElement":[{"@type":"ListItem","position":1,"name":"Home","item":"https:\/\/mioidraulico.it\/shop\/"},{"@type":"ListItem","position":2,"name":"Spedizioni e Resi"}]},{"@type":"WebSite","@id":"https:\/\/mioidraulico.it\/shop\/#website","url":"https:\/\/mioidraulico.it\/shop\/","name":"Mio Idraulico Shop","description":"Il valore della trasparenza","publisher":{"@id":"https:\/\/mioidraulico.it\/shop\/#organization"},"potentialAction":[{"@type":"SearchAction","target":{"@type":"EntryPoint","urlTemplate":"https:\/\/mioidraulico.it\/shop\/?s={search_term_string}"},"query-input":{"@type":"PropertyValueSpecification","valueRequired":true,"valueName":"search_term_string"}}],"inLanguage":"it-IT"},{"@type":"Organization","@id":"https:\/\/mioidraulico.it\/shop\/#organization","name":"Mioidraulico.it","url":"https:\/\/mioidraulico.it\/shop\/","logo":{"@type":"ImageObject","inLanguage":"it-IT","@id":"https:\/\/mioidraulico.it\/shop\/#\/schema\/logo\/image\/","url":"https:\/\/mioidraulico.it\/shop\/wp-content\/uploads\/2020\/10\/mioidraulico-logo-2.png","contentUrl":"https:\/\/mioidraulico.it\/shop\/wp-content\/uploads\/2020\/10\/mioidraulico-logo-2.png","width":394,"height":47,"caption":"Mioidraulico.it"},"image":{"@id":"https:\/\/mioidraulico.it\/shop\/#\/schema\/logo\/image\/"},"sameAs":["https:\/\/www.facebook.com\/mioidraulico","https:\/\/www.instagram.com\/mioidralulico\/"]}]}},"_links":{"self":[{"href":"https:\/\/mioidraulico.it\/shop\/wp-json\/wp\/v2\/pages\/1224","targetHints":{"allow":["GET"]}}],"collection":[{"href":"https:\/\/mioidraulico.it\/shop\/wp-json\/wp\/v2\/pages"}],"about":[{"href":"https:\/\/mioidraulico.it\/shop\/wp-json\/wp\/v2\/types\/page"}],"author":[{"embeddable":true,"href":"https:\/\/mioidraulico.it\/shop\/wp-json\/wp\/v2\/users\/3"}],"replies":[{"embeddable":true,"href":"https:\/\/mioidraulico.it\/shop\/wp-json\/wp\/v2\/comments?post=1224"}],"version-history":[{"count":3,"href":"https:\/\/mioidraulico.it\/shop\/wp-json\/wp\/v2\/pages\/1224\/revisions"}],"predecessor-version":[{"id":1228,"href":"https:\/\/mioidraulico.it\/shop\/wp-json\/wp\/v2\/pages\/1224\/revisions\/1228"}],"wp:attachment":[{"href":"https:\/\/mioidraulico.it\/shop\/wp-json\/wp\/v2\/media?parent=1224"}],"curies":[{"name":"wp","href":"https:\/\/api.w.org\/{rel}","templated":true}]}}